{"id":1523,"date":"2021-08-10T15:04:42","date_gmt":"2021-08-10T13:04:42","guid":{"rendered":"https:\/\/www.metron-eging.com\/?page_id=1523"},"modified":"2022-07-19T17:42:13","modified_gmt":"2022-07-19T15:42:13","slug":"datenschutzerklaerung-facebook-seite","status":"publish","type":"page","link":"https:\/\/metron-eging.com\/en\/datenschutzerklaerung-facebook-seite\/","title":{"rendered":"Datenschutzerkl\u00e4rung Facebook-Seite"},"content":{"rendered":"\n<h3 class=\"wp-block-heading\">Herzlich Willkommen auf der Facebook-Seite der metron eging GmbH<\/h3>\n\n\n\n<p>Verantwortliche Stellen:<\/p>\n\n\n\n<p>Facebook Ireland Ltd. (nachfolgend als \u201eFacebook\u201c genannt)<br>4 Grand Canal Square<br>Grand Canal Harbour<br>Dublin 2<br>Irland<\/p>\n\n\n\n<p>und<\/p>\n\n\n\n<p>metron eging GmbH<br>Grafenauer Str. 16+18<br>94535 Eging am See<br>Tel: +49 8544 9626-0<br>E-Mail: info@metron-eging.com<\/p>\n\n\n\n<p><strong>Informationen \u00fcber die Facebook-Seite der metron eging GmbH<\/strong><\/p>\n\n\n\n<p>Wir greifen f\u00fcr den hier angebotenen Informationsdienst auf die technische Plattform und die Dienste der Facebook Ireland Ltd zur\u00fcck.<\/p>\n\n\n\n<p>Wir weisen Sie darauf hin, dass Sie diese Facebook-Seite und ihre Funktionen in eigener Verantwortung nutzen. Dies gilt insbesondere f\u00fcr die Nutzung der interaktiven Funktionen (z.B. Kommentieren, Teilen, Bewerten). Alternativ k\u00f6nnen Sie die \u00fcber diese Seite angebotenen Informationen auch auf unserem Internet-Angebot unter <a href=\"http:\/\/www.metron-eging.com\">www.metron-eging.com<\/a> abrufen.<\/p>\n\n\n\n<p>Beim Besuch unserer Facebook-Seite erfasst Facebook u.a Ihre IP-Adresse sowie weitere Informationen, die in Form von Cookies auf Ihrem PC vorhanden sind. Diese Informationen werden verwendet, um uns als Betreiber der Facebook-Seiten statistische Informationen \u00fcber die Inanspruchnahme der Facebook-Seite zur Verf\u00fcgung zu stellen. N\u00e4here Informationen hierzu stellt Facebook unter folgendem Link zur Verf\u00fcgung: http:\/\/de-de.facebook.com\/help\/pages\/insights<\/p>\n\n\n\n<p>Die in diesem Zusammenhang \u00fcber Sie erhobenen Daten werden von der Facebook Ltd. verarbeitet und dabei gegebenenfalls in L\u00e4nder au\u00dferhalb der Europ\u00e4ischen Union \u00fcbertragen. Welche Informationen Facebook erh\u00e4lt und wie diese verwendet werden, beschreibt Facebook in allgemeiner Form in seinen Datenverwendungsrichtlinien. Dort finden Sie auch Informationen \u00fcber Kontaktm\u00f6glichkeiten zu Facebook sowie zu den Einstellm\u00f6glichkeiten f\u00fcr Werbeanzeigen.<\/p>\n\n\n\n<p>Die Datenverwendungsrichtlinien sind unter folgendem Link verf\u00fcgbar:<\/p>\n\n\n\n<p><a href=\"http:\/\/de-de.facebook.com\/about\/privacy\">http:\/\/de-de.facebook.com\/about\/privacy<\/a><\/p>\n\n\n\n<p>Die vollst\u00e4ndigen Datenrichtlinien von Facebook finden Sie hier (Anmeldung notwendig):<\/p>\n\n\n\n<p><a href=\"https:\/\/de-de.facebook.com\/full_data_use_policy\">https:\/\/de-de.facebook.com\/full_data_use_policy<\/a><\/p>\n\n\n\n<p>In welcher Weise Facebook die Daten aus dem Besuch von Facebook-Seiten f\u00fcr eigene Zwecke verwendet, in welchem Umfang Aktivit\u00e4ten auf der Facebook-Seite einzelnen Nutzern zugeordnet werden, wie lange Facebook diese Daten speichert und ob Daten aus einem Besuch der Facebook-Seite an Dritte weitergegeben werden, wird von Facebook nicht abschlie\u00dfend und klar benannt und ist uns nicht bekannt.<\/p>\n\n\n\n<p>Beim Zugriff auf eine Facebook-Seite wird die Ihrem Endger\u00e4t zugeteilte IP-Adresse an Facebook \u00fcbermittelt. Nach Auskunft von Facebook wird diese IP-Adresse anonymisiert (bei &#8220;deutschen&#8221; IP-Adressen). Facebook speichert dar\u00fcber hinaus Informationen \u00fcber die Endger\u00e4te seiner Nutzer (z.B. im Rahmen der Funktion \u201eAnmeldebenachrichtigung\u201c); gegebenenfalls ist Facebook damit eine Zuordnung von IP-Adressen zu einzelnen Nutzern m\u00f6glich.<\/p>\n\n\n\n<p>Wenn Sie als Nutzerin oder Nutzer aktuell bei Facebook angemeldet sind, befindet sich auf Ihrem Endger\u00e4t ein Cookie mit Ihrer Facebook-Kennung. Dadurch ist Facebook in der Lage nachzuvollziehen, dass Sie diese Seite aufgesucht und wie Sie sie genutzt haben. Dies gilt auch f\u00fcr alle anderen Facebook-Seiten. \u00dcber in Webseiten eingebundene Facebook-Buttons ist es Facebook m\u00f6glich, Ihre Besuche auf diesen Webseiten Seiten zu erfassen und Ihrem Facebook-Profil zuzuordnen. Anhand dieser Daten k\u00f6nnen Inhalte oder Werbung auf Sie zugeschnitten angeboten werden.<\/p>\n\n\n\n<p>Wenn Sie dies vermeiden m\u00f6chten, sollten Sie sich bei Facebook abmelden bzw. die Funktion &#8220;angemeldet bleiben&#8221; deaktivieren, die auf Ihrem Ger\u00e4t vorhandenen Cookies l\u00f6schen und Ihren Browser beenden und neu starten. Auf diese Weise werden Facebook- Informationen, \u00fcber die Sie unmittelbar identifiziert werden k\u00f6nnen, gel\u00f6scht. Damit k\u00f6nnen Sie unsere Facebook-Seite nutzen, ohne dass Ihre Facebook-Kennung offenbart wird. Wenn Sie auf interaktive Funktionen der Seite zugreifen (Gef\u00e4llt mir, Kommentieren, Teilen, Nachrichten etc.), erscheint eine Facebook-Anmeldemaske. Nach einer etwaigen Anmeldung sind Sie f\u00fcr Facebook erneut als bestimmte\/r Nutzerin\/Nutzer erkennbar.<\/p>\n\n\n\n<p>Informationen dazu, wie Sie \u00fcber Sie vorhandene Informationen verwalten oder l\u00f6schen k\u00f6nnen, finden Sie auf folgenden Facebook Support-Seiten: <a href=\"https:\/\/de-de.facebook.com\/about\/privacy\">https:\/\/de-de.facebook.com\/about\/privacy#<\/a><\/p>\n\n\n\n<p>Wir als Anbieter des Informationsdienstes erheben und verarbeiten dar\u00fcber hinaus keine Daten aus Ihrer Nutzung unseres Dienstes.<\/p>\n\n\n\n<p>Diese Datenschutzerkl\u00e4rung finden Sie in der jeweils geltenden Fassung unter dem Punkt \u201eDatenschutz\u201c auf unserer Facebook-Seite.<\/p>\n\n\n\n<p>Bei Fragen zu unserem Informationsangebot k\u00f6nnen Sie uns unter <a href=\"mailto:info@metron-eging.com\">info@metron-eging.com<\/a> erreichen.<\/p>\n\n\n\n<p>Die Vereinbarung zur gemeinsamen Verantwortung nach Art. 26 DSGVO (Stand 21.8.2020) mit Facebook finden Sie unter:<\/p>\n\n\n\n<p><a href=\"https:\/\/www.facebook.com\/legal\/controller_addendum\">https:\/\/www.facebook.com\/legal\/controller_addendum<\/a><\/p>\n\n\n\n<p><strong>Betroffenenrechte der Nutzer<\/strong><\/p>\n\n\n\n<p>Wir k\u00f6nnen leider nicht unseren Informationspflichten nach Art. 13 EU-DSGVO nachkommen, da nur Facebook den vollst\u00e4ndigen Zugriff auf die Benutzerdaten hat. Falls Sie von Ihren Betroffenenrechten Gebrauch machen wollen, kontaktieren Sie hier bitte direkt Facebook. Zu diesen Rechten geh\u00f6ren folgende:<\/p>\n\n\n\n<p><strong>Recht auf Auskunft:<\/strong><\/p>\n\n\n\n<p>Sie k\u00f6nnen von uns eine Auskunft verlangen, ob und in welchem Ausma\u00df wir Ihre Daten verarbeiten.<\/p>\n\n\n\n<p><strong>Recht auf Berichtigung:<\/strong><\/p>\n\n\n\n<p>Verarbeiten wir Ihre Daten, die unvollst\u00e4ndig oder unrichtig sind, so k\u00f6nnen Sie jederzeit deren Berichtigung bzw. deren Vervollst\u00e4ndigung von uns verlangen.<\/p>\n\n\n\n<p><strong>Recht auf L\u00f6schung:<\/strong><\/p>\n\n\n\n<p>Sie k\u00f6nnen von uns die L\u00f6schung Ihrer Daten verlangen, sofern wir diese unrechtm\u00e4\u00dfig verarbeiten oder die Verarbeitung unverh\u00e4ltnism\u00e4\u00dfig in Ihre berechtigten Schutzinteressen eingreift. Bitte beachten Sie, dass es Gr\u00fcnde geben kann, die einer sofortigen L\u00f6schung entgegenstehen, z.B. im Fall von gesetzlich geregelten Aufbewahrungspflichten.<\/p>\n\n\n\n<p>Unabh\u00e4ngig von der Wahrnehmung Ihres Rechts auf L\u00f6schung, werden wir Ihre Daten umgehend und vollst\u00e4ndig l\u00f6schen, soweit keine diesbez\u00fcgliche rechtsgesch\u00e4ftliche oder gesetzliche Aufbewahrungspflicht entgegensteht.<\/p>\n\n\n\n<p><strong>Recht auf Einschr\u00e4nkung der Verarbeitung:<\/strong><\/p>\n\n\n\n<p>Sie k\u00f6nnen von uns die Einschr\u00e4nkung der Verarbeitung Ihrer Daten verlangen, wenn<\/p>\n\n\n\n<ul class=\"wp-block-list\"><li>Sie die Richtigkeit der Daten bestreiten, und zwar f\u00fcr eine Dauer, die es uns erm\u00f6glicht, die Richtigkeit der Daten zu \u00fcberpr\u00fcfen.<\/li><li>die Verarbeitung der Daten unrechtm\u00e4\u00dfig ist, Sie aber eine L\u00f6schung ablehnen und stattdessen eine Einschr\u00e4nkung der Datennutzung verlangen,<\/li><li>wir die Daten f\u00fcr den vorgesehenen Zweck nicht mehr ben\u00f6tigen, Sie diese Daten aber noch zur Geltendmachung oder Verteidigung von Rechtsanspr\u00fcchen brauchen, oder<\/li><li>Sie Widerspruch gegen die Verarbeitung der Daten eingelegt haben.<\/li><\/ul>\n\n\n\n<p><strong>Recht auf Daten\u00fcbertragbarkeit:<\/strong><\/p>\n\n\n\n<p>Sie k\u00f6nnen von uns verlangen, dass wir Ihnen Ihre Daten, die Sie uns bereitgestellt haben, in einem strukturierten, g\u00e4ngigen und maschinenlesbaren Format zur Verf\u00fcgung stellen und dass Sie diese Daten einem anderen Verantwortlichen ohne Behinderung durch uns \u00fcbermitteln k\u00f6nnen, sofern<\/p>\n\n\n\n<ul class=\"wp-block-list\"><li>wir diese Daten aufgrund einer von Ihnen erteilten und widerrufbaren Zustimmung oder zur Erf\u00fcllung eines Vertrages zwischen uns verarbeiten, und<\/li><li>diese Verarbeitung mithilfe automatisierter Verfahren erfolgt.<\/li><\/ul>\n\n\n\n<p>Bei technischer Machbarkeit k\u00f6nnen Sie von uns eine direkte \u00dcbermittlung Ihrer Daten an einen anderen Verantwortlichen verlangen.<\/p>\n\n\n\n<p><strong>Widerspruchsrecht:<\/strong><\/p>\n\n\n\n<p>Verarbeiten wir Ihre Daten aus berechtigtem Interesse, so k\u00f6nnen Sie gegen diese Datenverarbeitung jederzeit Widerspruch einlegen; dies w\u00fcrde auch f\u00fcr ein auf diese Bestimmungen gest\u00fctztes Profiling gelten. Wir verarbeiten dann Ihre Daten nicht mehr, es sei denn, wir k\u00f6nnen zwingende schutzw\u00fcrdige Gr\u00fcnde f\u00fcr die Verarbeitung nachweisen, die Ihre Interessen, Rechte und Freiheiten \u00fcberwiegen oder die Verarbeitung dient der Geltendmachung, Aus\u00fcbung oder Verteidigung von Rechtsanspr\u00fcchen. Der Verarbeitung Ihrer Daten zum Zweck der Direktwerbung k\u00f6nnen Sie jederzeit ohne Angabe von Gr\u00fcnden widersprechen.<\/p>\n\n\n\n<p><strong>Beschwerderecht:<\/strong><\/p>\n\n\n\n<p>Sind Sie der Meinung, dass wir bei der Verarbeitung Ihrer Daten gegen deutsches oder europ\u00e4isches Datenschutzrecht versto\u00dfen, so bitten wir Sie, mit uns Kontakt aufzunehmen, um Fragen aufkl\u00e4ren zu k\u00f6nnen. Sie haben selbstverst\u00e4ndlich auch das Recht, sich an die f\u00fcr Sie zust\u00e4ndige Aufsichtsbeh\u00f6rde, das jeweilige Landesamt f\u00fcr Datenschutzaufsicht, zu wenden.<\/p>\n\n\n\n<p>Sofern Sie eines der genannten Rechte uns gegen\u00fcber geltend machen wollen, so wenden Sie sich bitte an unseren Datenschutzbeauftragten. Im Zweifel k\u00f6nnen wir zus\u00e4tzliche Informationen zur Best\u00e4tigung Ihrer Identit\u00e4t anfordern.<\/p>\n\n\n\n<p>F\u00fcr die Umsetzung dieser Rechte gem\u00e4\u00df Artikel 15-20 der DSGVO hinsichtlich der von Facebook Ireland nach der gemeinsamen Verarbeitung gespeicherten Daten, ist alleine Facebook Ireland zust\u00e4ndig. Ein Widerspruchs- und Beschwerderecht, wie hier\u00fcber beschrieben, haben Sie auch uns gegen\u00fcber.<\/p>\n\n\n\n<p>Sollten Sie dabei Unterst\u00fctzung ben\u00f6tigen oder anderweitige Fragen haben, dann kontaktieren Sie uns gerne per E-Mail unter info@metron-eging.com. Wenn Sie die hier beschriebenen Datenverarbeitungen zuk\u00fcnftig nicht mehr w\u00fcnschen, dann heben Sie bitte durch Nutzung der Funktionen \u201eDiese Seite gef\u00e4llt mir nicht mehr\u201c und\/oder \u201eDiese Seite nicht mehr abonnieren\u201c die Verbindung Ihres Benutzer-Profils zu unserer Seite auf.<\/p>\n\n\n\n<p>Haben Sie Fragen zum Datenschutz so k\u00f6nnen Sie sich auch gerne an unseren Datenschutzbeauftragten wenden, unter:<\/p>\n\n\n\n<p>Robert Heindl<br>Ostengasse 14<br>93047 Regensburg<br>Tel.: 0941-2986930<br>e-mail: anfrage@projekt29.de<\/p>\n","protected":false},"excerpt":{"rendered":"<p>Herzlich Willkommen auf der Facebook-Seite der metron eging GmbH Verantwortliche Stellen: Facebook Ireland Ltd. (nachfolgend als \u201eFacebook\u201c genannt)4 Grand Canal SquareGrand Canal HarbourDublin 2Irland und metron eging GmbHGrafenauer Str. 16+1894535 Eging am SeeTel: +49 8544 9626-0E-Mail: info@metron-eging.com Informationen \u00fcber die Facebook-Seite der metron eging GmbH Wir greifen f\u00fcr den hier angebotenen Informationsdienst auf die technische [&hellip;]<\/p>\n","protected":false},"author":1,"featured_media":0,"parent":0,"menu_order":0,"comment_status":"closed","ping_status":"closed","template":"","meta":{"pgc_sgb_lightbox_settings":"","footnotes":""},"class_list":["post-1523","page","type-page","status-publish","hentry"],"translation":{"provider":"WPGlobus","version":"3.0.2","language":"en","enabled_languages":["de","en"],"languages":{"de":{"title":true,"content":true,"excerpt":false},"en":{"title":false,"content":false,"excerpt":false}}},"_links":{"self":[{"href":"https:\/\/metron-eging.com\/en\/wp-json\/wp\/v2\/pages\/1523","targetHints":{"allow":["GET"]}}],"collection":[{"href":"https:\/\/metron-eging.com\/en\/wp-json\/wp\/v2\/pages"}],"about":[{"href":"https:\/\/metron-eging.com\/en\/wp-json\/wp\/v2\/types\/page"}],"author":[{"embeddable":true,"href":"https:\/\/metron-eging.com\/en\/wp-json\/wp\/v2\/users\/1"}],"replies":[{"embeddable":true,"href":"https:\/\/metron-eging.com\/en\/wp-json\/wp\/v2\/comments?post=1523"}],"version-history":[{"count":6,"href":"https:\/\/metron-eging.com\/en\/wp-json\/wp\/v2\/pages\/1523\/revisions"}],"predecessor-version":[{"id":1529,"href":"https:\/\/metron-eging.com\/en\/wp-json\/wp\/v2\/pages\/1523\/revisions\/1529"}],"wp:attachment":[{"href":"https:\/\/metron-eging.com\/en\/wp-json\/wp\/v2\/media?parent=1523"}],"curies":[{"name":"wp","href":"https:\/\/api.w.org\/{rel}","templated":true}]}}