{"id":4066,"date":"2023-07-18T16:03:04","date_gmt":"2023-07-18T14:03:04","guid":{"rendered":"https:\/\/www.metron-eging.com\/?page_id=4066"},"modified":"2023-08-29T09:10:47","modified_gmt":"2023-08-29T07:10:47","slug":"hinweismeldung","status":"publish","type":"page","link":"https:\/\/metron-eging.com\/en\/hinweismeldung\/","title":{"rendered":"Hinweismeldung"},"content":{"rendered":"\n<p>Die metron eging GmbH legt gro\u00dfen Wert darauf, alle rechtlichen Vorgaben und Regelungen strikt einzuhalten. Sollten Sie feststellen, dass unser Unternehmen oder einer unserer Mitarbeiter gegen geltende Normen verst\u00f6\u00dft oder sollten Sie Bedenken bez\u00fcglich der Legalit\u00e4t unserer Aktivit\u00e4ten haben, bieten wir verschiedene Kan\u00e4le an, um uns dies diskret mitzuteilen.<\/p>\n\n\n\n<p>Ihr Hinweis wird mit h\u00f6chster Vertraulichkeit und Sorgfalt behandelt. Wir versichern, dass Personen, die berechtigte Hinweise geben, keine negativen Folgen zu bef\u00fcrchten haben. Ausnahmen bestehen lediglich, wenn Hinweise bewusst missbr\u00e4uchlich oder in sch\u00e4digender Absicht abgegeben werden. Anonymit\u00e4t Ihrer Meldung ist je nach gew\u00e4hltem Kommunikationskanal m\u00f6glich, allerdings k\u00f6nnen wir dies bei pers\u00f6nlichen Gespr\u00e4chen, telefonischen Mitteilungen oder E-Mails nicht in jedem Fall garantieren.<\/p>\n\n\n\n<p>Wenn Sie einen anonymen Hinweis abgeben m\u00f6chten, benutzen Sie bitte das beigef\u00fcgte Meldeformular und w\u00e4hlen Sie f\u00fcr den E-Mail-Versand gegebenenfalls eine Adresse, die keinerlei R\u00fcckschl\u00fcsse auf Ihre Identit\u00e4t zul\u00e4sst.<\/p>\n\n\n\n<p>Wir bitten um Ihr Verst\u00e4ndnis, dass alle von Ihnen gemachten Angaben wahrheitsgem\u00e4\u00df sein und einen direkten Bezug zur metron eging GmbH oder ihren Mitarbeitern haben m\u00fcssen.<\/p>\n\n\n\n<p><strong>Hinweise und Meldungen k\u00f6nnen m\u00fcndlich, schriftlich oder auf Wunsch auch pers\u00f6nlich unter folgenden Kontaktdaten abgegeben werden:<\/strong><\/p>\n\n\n\n<p><a href=\"mailto:meldestelle-compliance@caritas-passau.de\">whistleblowing@metron-eging.com<\/a><\/p>\n\n\n\n<p>metron eging GmbH<br>z. Hd. Whistleblowing<br>Grafenauer Str. 16+18<br>94535 Eging am See<\/p>\n\n\n\n<p>+49 8544 \/ 9626 &#8211; 0<\/p>\n\n\n\n<div data-wp-interactive=\"core\/file\" class=\"wp-block-file\"><object data-wp-bind--hidden=\"!state.hasPdfPreview\" hidden class=\"wp-block-file__embed\" data=\"https:\/\/www.metron-eging.com\/wp-content\/uploads\/2023\/08\/Meldebogen-Whistleblowing.pdf\" type=\"application\/pdf\" style=\"width:100%;height:400px\" aria-label=\"Embed of Meldebogen-Whistleblowing.\"><\/object><a id=\"wp-block-file--media-eb089e53-fcbc-4ea1-b408-67463a778faa\" href=\"https:\/\/www.metron-eging.com\/wp-content\/uploads\/2023\/08\/Meldebogen-Whistleblowing.pdf\">Meldebogen-Whistleblowing<\/a><a href=\"https:\/\/www.metron-eging.com\/wp-content\/uploads\/2023\/08\/Meldebogen-Whistleblowing.pdf\" class=\"wp-block-file__button wp-element-button\" download aria-describedby=\"wp-block-file--media-eb089e53-fcbc-4ea1-b408-67463a778faa\">Herunterladen<\/a><\/div>\n","protected":false},"excerpt":{"rendered":"<p>Die metron eging GmbH legt gro\u00dfen Wert darauf, alle rechtlichen Vorgaben und Regelungen strikt einzuhalten. Sollten Sie feststellen, dass unser Unternehmen oder einer unserer Mitarbeiter gegen geltende Normen verst\u00f6\u00dft oder sollten Sie Bedenken bez\u00fcglich der Legalit\u00e4t unserer Aktivit\u00e4ten haben, bieten wir verschiedene Kan\u00e4le an, um uns dies diskret mitzuteilen. Ihr Hinweis wird mit h\u00f6chster Vertraulichkeit [&hellip;]<\/p>\n","protected":false},"author":1,"featured_media":0,"parent":0,"menu_order":0,"comment_status":"closed","ping_status":"closed","template":"","meta":{"pgc_sgb_lightbox_settings":"","footnotes":""},"class_list":["post-4066","page","type-page","status-publish","hentry"],"translation":{"provider":"WPGlobus","version":"3.0.2","language":"en","enabled_languages":["de","en"],"languages":{"de":{"title":true,"content":true,"excerpt":false},"en":{"title":false,"content":false,"excerpt":false}}},"_links":{"self":[{"href":"https:\/\/metron-eging.com\/en\/wp-json\/wp\/v2\/pages\/4066","targetHints":{"allow":["GET"]}}],"collection":[{"href":"https:\/\/metron-eging.com\/en\/wp-json\/wp\/v2\/pages"}],"about":[{"href":"https:\/\/metron-eging.com\/en\/wp-json\/wp\/v2\/types\/page"}],"author":[{"embeddable":true,"href":"https:\/\/metron-eging.com\/en\/wp-json\/wp\/v2\/users\/1"}],"replies":[{"embeddable":true,"href":"https:\/\/metron-eging.com\/en\/wp-json\/wp\/v2\/comments?post=4066"}],"version-history":[{"count":9,"href":"https:\/\/metron-eging.com\/en\/wp-json\/wp\/v2\/pages\/4066\/revisions"}],"predecessor-version":[{"id":4228,"href":"https:\/\/metron-eging.com\/en\/wp-json\/wp\/v2\/pages\/4066\/revisions\/4228"}],"wp:attachment":[{"href":"https:\/\/metron-eging.com\/en\/wp-json\/wp\/v2\/media?parent=4066"}],"curies":[{"name":"wp","href":"https:\/\/api.w.org\/{rel}","templated":true}]}}